{"id":2689,"date":"2020-09-24T18:30:36","date_gmt":"2020-09-24T21:30:36","guid":{"rendered":"http:\/\/www.casaforteproducoes.com.br\/?page_id=2689"},"modified":"2020-09-24T19:10:14","modified_gmt":"2020-09-24T22:10:14","slug":"servicos-2","status":"publish","type":"page","link":"https:\/\/www.casaforteproducoes.com.br\/index.php\/servicos-2\/","title":{"rendered":"Servi\u00e7os"},"content":{"rendered":"\t\t<div data-elementor-type=\"wp-page\" data-elementor-id=\"2689\" class=\"elementor elementor-2689\">\n\t\t\t\t\t\t\t\t\t<section class=\"has_eae_slider elementor-section elementor-top-section elementor-element elementor-element-9c9f110 elementor-section-boxed elementor-section-height-default elementor-section-height-default\" data-id=\"9c9f110\" data-element_type=\"section\">\n\t\t\t\t\t\t<div class=\"elementor-container elementor-column-gap-default\">\n\t\t\t\t\t<div class=\"has_eae_slider elementor-column elementor-col-100 elementor-top-column elementor-element elementor-element-239c712\" data-id=\"239c712\" data-element_type=\"column\">\n\t\t\t<div class=\"elementor-widget-wrap elementor-element-populated\">\n\t\t\t\t\t\t\t\t<section class=\"has_eae_slider elementor-section elementor-inner-section elementor-element elementor-element-24c985d elementor-section-boxed elementor-section-height-default elementor-section-height-default\" data-id=\"24c985d\" data-element_type=\"section\">\n\t\t\t\t\t\t<div class=\"elementor-container elementor-column-gap-default\">\n\t\t\t\t\t<div class=\"has_eae_slider elementor-column elementor-col-100 elementor-inner-column elementor-element elementor-element-76443e0\" data-id=\"76443e0\" data-element_type=\"column\">\n\t\t\t<div class=\"elementor-widget-wrap elementor-element-populated\">\n\t\t\t\t\t\t\t\t<div class=\"elementor-element elementor-element-ac2b969 elementor-widget elementor-widget-text-editor\" data-id=\"ac2b969\" data-element_type=\"widget\" data-widget_type=\"text-editor.default\">\n\t\t\t\t<div class=\"elementor-widget-container\">\n\t\t\t\t\t\t\t<p style=\"font-weight: 400;\">Voc\u00ea sabia que parte dos impostos podem ser revertidos \u00a0para realiza\u00e7\u00f5es de projetos?\u00a0 Por meio das leis de incentivo, pessoas f\u00edsicas e\/ou empresas podem destinar os incentivos fiscais para a realiza\u00e7\u00e3o de projetos.<\/p><p style=\"font-weight: 400;\">\u00a0<\/p><p style=\"font-weight: 400;\">As leis s\u00e3o um facilitador para que parte do imposto de renda devido seja direcionado a projetos devidamente incentivados. Existem Leis Federais de Incentivo \u00e0 Cultura (Lei Rouanet e Audiovisual), ao Esporte (Lei de Incentivo ao Esporte).\u00a0 H\u00e1, ainda, leis estaduais e municipais que permitem que projetos culturais e esportivos sejam patrocinados por meio de parte do IPTU e ISS, ou ICMS devido.<\/p><p style=\"font-weight: 400;\">\u00a0<\/p><p style=\"font-weight: 400;\">\u00a0<\/p><p style=\"font-weight: 400;\"><strong>Promovemos: Curso Leis de Incentivo \u00e0 cultura e ao esporte, inscri\u00e7\u00e3o em editais, palestras, eventos culturais\/ esportivos e oficinas culturais.<\/strong><\/p><p style=\"font-weight: 400;\"><strong>\u00a0<\/strong><\/p><p style=\"font-weight: 400;\">Nossos cursos ir\u00e3o capacitar os participantes a utilizar os mecanismos de incentivo fiscal \u00e0 cultura: Lei Rouanet, Lei Estadual e Municipal de Incentivo a Cultura, abordando o funcionamento das leis, os modos de preenchimento dos formul\u00e1rios e de trabalhar as contrapartidas, os processos de an\u00e1lise e aprova\u00e7\u00e3o dos projetos, e a organiza\u00e7\u00e3o da presta\u00e7\u00e3o de contas.\u00a0<\/p><p style=\"font-weight: 400;\">\u00a0<\/p><p style=\"font-weight: 400;\">*Inscri\u00e7\u00e3o de seu projeto nas leis: Rouanet, Lei Estadual e Municipal de Incentivo a Cultura e Lei de Incentivo ao Esporte. \u00a0<\/p><p style=\"font-weight: 400;\">\u00a0<\/p><p style=\"font-weight: 400;\">*Elabora\u00e7\u00e3o completa no preenchimento de formul\u00e1rios para a inscri\u00e7\u00e3o em editais<\/p><p style=\"font-weight: 400;\">\u00a0<\/p><p style=\"font-weight: 400;\">ALGUNS PROJETOS CAPTADOS E REALIZADOS:<\/p><p style=\"font-weight: 400;\">\u00a0<\/p><ul><li style=\"font-weight: 400;\">Espet\u00e1culo teatral Memorial \u2013 Patroc\u00ednio PETROBRAS \/Patroc\u00ednio BANCO do NORDESTE do BRASIL\u00a0 \/Circuito SESC &#8211; Patroc\u00ednio SESC\/ RJ<\/li><li style=\"font-weight: 400;\">Academia ao Ar livre Angra dos Reis \u2013 Patroc\u00ednio ELETROBRAS<\/li><li style=\"font-weight: 400;\">Carolina Maria de Jesus, Di\u00e1rio de Bitita<\/li><\/ul><p style=\"font-weight: 400;\">\u00a0<\/p><p style=\"font-weight: 400;\">TEM EM SEU CURR\u00cdCULO O ENQUADRAMENTO DOS SEGUINTES PROJETOS:<\/p><p style=\"font-weight: 400;\">Teatro: &#8220;De volta para a R\u00fassia&#8221;; \u201cFaz de Conta que&#8230;\u201d; \u201cRaimunda, Raimunda\u201d; \u201cMem\u00f3rias de uma mulher Perdida\u201d; Click-$e; \u201cMemorial\u201d, \u201cCenten\u00e1rio de Carolina Maria de Jesus\u201d; \u201cA Desejada Felicidade\u201d; \u201c O Riso\u201d; BANDIDAS<\/p><p style=\"font-weight: 400;\">Dan\u00e7a: Corpo D\u00b4agua; \u201cEstranhas\u201d, \u201cJangada\u201d; \u201cPequenas Pe\u00e7as\u201d<\/p><p style=\"font-weight: 400;\">Document\u00e1rio: \u201cAs Grandes Damas da Telenovela\u201d<\/p><p style=\"font-weight: 400;\">Peri\u00f3dicos: Roteiro dos Desfiles \u2013 Carnaval<\/p>\t\t\t\t\t\t<\/div>\n\t\t\t\t<\/div>\n\t\t\t\t\t<\/div>\n\t\t<\/div>\n\t\t\t\t\t\t\t<\/div>\n\t\t<\/section>\n\t\t\t\t\t<\/div>\n\t\t<\/div>\n\t\t\t\t\t\t\t<\/div>\n\t\t<\/section>\n\t\t\t\t\t\t\t<\/div>\n\t\t","protected":false},"excerpt":{"rendered":"<p>Voc\u00ea sabia que parte dos impostos podem ser revertidos \u00a0para realiza\u00e7\u00f5es de projetos?\u00a0 Por meio das leis de incentivo, pessoas f\u00edsicas e\/ou empresas podem destinar os incentivos fiscais para a realiza\u00e7\u00e3o de projetos. \u00a0 As leis s\u00e3o um facilitador para que parte do imposto de renda devido seja direcionado a projetos devidamente incentivados. Existem Leis &hellip;<\/p>\n<p class=\"read-more\"> <a class=\"\" href=\"https:\/\/www.casaforteproducoes.com.br\/index.php\/servicos-2\/\"> <span class=\"screen-reader-text\">Servi\u00e7os<\/span> Leia mais &raquo;<\/a><\/p>\n","protected":false},"author":2,"featured_media":0,"parent":0,"menu_order":0,"comment_status":"closed","ping_status":"closed","template":"","meta":{"site-sidebar-layout":"no-sidebar","site-content-layout":"page-builder","ast-site-content-layout":"","site-content-style":"default","site-sidebar-style":"default","ast-global-header-display":"","ast-banner-title-visibility":"","ast-main-header-display":"","ast-hfb-above-header-display":"","ast-hfb-below-header-display":"","ast-hfb-mobile-header-display":"","site-post-title":"disabled","ast-breadcrumbs-content":"","ast-featured-img":"disabled","footer-sml-layout":"","theme-transparent-header-meta":"default","adv-header-id-meta":"","stick-header-meta":"","header-above-stick-meta":"","header-main-stick-meta":"","header-below-stick-meta":"","astra-migrate-meta-layouts":"","footnotes":""},"_links":{"self":[{"href":"https:\/\/www.casaforteproducoes.com.br\/index.php\/wp-json\/wp\/v2\/pages\/2689"}],"collection":[{"href":"https:\/\/www.casaforteproducoes.com.br\/index.php\/wp-json\/wp\/v2\/pages"}],"about":[{"href":"https:\/\/www.casaforteproducoes.com.br\/index.php\/wp-json\/wp\/v2\/types\/page"}],"author":[{"embeddable":true,"href":"https:\/\/www.casaforteproducoes.com.br\/index.php\/wp-json\/wp\/v2\/users\/2"}],"replies":[{"embeddable":true,"href":"https:\/\/www.casaforteproducoes.com.br\/index.php\/wp-json\/wp\/v2\/comments?post=2689"}],"version-history":[{"count":3,"href":"https:\/\/www.casaforteproducoes.com.br\/index.php\/wp-json\/wp\/v2\/pages\/2689\/revisions"}],"predecessor-version":[{"id":2692,"href":"https:\/\/www.casaforteproducoes.com.br\/index.php\/wp-json\/wp\/v2\/pages\/2689\/revisions\/2692"}],"wp:attachment":[{"href":"https:\/\/www.casaforteproducoes.com.br\/index.php\/wp-json\/wp\/v2\/media?parent=2689"}],"curies":[{"name":"wp","href":"https:\/\/api.w.org\/{rel}","templated":true}]}}